{"id":1386,"date":"2023-08-01T09:07:33","date_gmt":"2023-08-01T07:07:33","guid":{"rendered":"https:\/\/sotomanrique.com\/?product=pancaliente"},"modified":"2024-08-09T13:00:30","modified_gmt":"2024-08-09T11:00:30","slug":"pancaliente","status":"publish","type":"product","link":"https:\/\/sotomanrique.com\/en\/product\/pancaliente\/","title":{"rendered":"PANCALIENTE"},"content":{"rendered":"\n\t<section class=\"section dark has-mask mask-arrow\" id=\"section_1292882791\">\n\t\t<div class=\"section-bg fill\" >\n\t\t\t\t\t\t\t\t\t<div class=\"section-bg-overlay absolute fill\"><\/div>\n\t\t\t\n\t<div class=\"is-border\"\n\t\tstyle=\"border-color:rgb(235, 235, 235);border-width:1px 0px 0px 0px;\">\n\t<\/div>\n\n\t\t<\/div>\n\n\t\t\n\n\t\t<div class=\"section-content relative\">\n\t\t\t\n<div class=\"row\"  id=\"row-706659575\">\n\n\t<div id=\"col-2143609215\" class=\"col medium-6 small-12 large-6\"  >\n\t\t\t\t<div class=\"col-inner text-shadow-2\"  >\n\t\t\t\n\t\t\t\n<h2 style=\"text-align: center;\">SOTOMANRIQUE<br \/>PANCALIENTE<\/h2>\n<p><strong>Variedad<\/strong>: Albillo Real<\/p>\n<p><strong>Zona<\/strong>: Vi\u00f1edos viejos de Cebreros-Sierra de Gredos.<\/p>\n<p><strong>Tipo de vino<\/strong>:\u00a0Vino dulce con crianza &#8211; Vin de Paille.<\/p>\n<p><strong>Vi\u00f1edo<\/strong>: Vi\u00f1edos viejos con una edad media de 60 a\u00f1os entre 700-800 m. sobre el nivel del mar. Rendimientos de 2000 Kg\/Ha. Vi\u00f1a asentada mayoritariamente sobre suelos gran\u00edticos con algunas pizarras. Todos ellos de secano.<\/p>\n<p><strong>Vinificaci\u00f3n:<\/strong> Las uvas se deshidratan durante seis semanas en bodega. Luego se despalillan.<\/p>\n<p><span style=\"font-size: 14.4px;\">.<\/span><\/p>\n\t\t<\/div>\n\t\t\t\t\t<\/div>\n\n\t\n\n\t<div id=\"col-2136207779\" class=\"col medium-6 small-12 large-6\"  >\n\t\t\t\t<div class=\"col-inner text-shadow-2\"  >\n\t\t\t\n\t\t\t\n<p>Se ponen a fermentar en tinaja y barricas cuando termina la fermentaci\u00f3n por v\u00eda natural, se prensa y se pone en la misma tinaja y barricas largo tiempo (&#8230; cinco a\u00f1os) hasta que se embotella sin filtro.<\/p>\n<p><strong>Nota de cata<\/strong>: Tiene un color \u00e1mbar oscuro\/caoba y una nariz expresiva de frutos secos, piel de naranja y orejones. Muy limpio y fresco.<\/p>\n<p>Embotellado: Septiembre 2022.<\/p>\n<p>Para servir:\u00a0 8\u00baC<br \/>Producci\u00f3n: 1200 BT 50CL<br \/>ROBERT PARKER-WINE ADVOCATE: 94 P<\/p>\n\t\t<\/div>\n\t\t\t\t\t<\/div>\n\n\t\n<\/div>\n\t\t<\/div>\n\n\t\t\n<style>\n#section_1292882791 {\n  padding-top: 30px;\n  padding-bottom: 30px;\n  min-height: 300px;\n  background-color: rgb(0, 0, 0);\n}\n#section_1292882791 .section-bg-overlay {\n  background-color: rgba(0, 0, 0, 0.4);\n}\n<\/style>\n\t<\/section>\n\t\n","protected":false},"excerpt":{"rendered":"<p><strong>NATURAL SWEET WINE<\/strong> <strong>VIN DE PAILLE<\/strong> ALBILLO REAL<\/p>\n","protected":false},"featured_media":1304,"template":"","meta":[],"product_brand":[],"product_cat":[67],"product_tag":[],"class_list":{"0":"post-1386","1":"product","2":"type-product","3":"status-publish","4":"has-post-thumbnail","6":"product_cat-sweet-wine","8":"first","9":"instock","10":"shipping-taxable","11":"purchasable","12":"product-type-variable"},"yoast_head":"<!-- This site is optimized with the Yoast SEO plugin v27.4 - https:\/\/yoast.com\/product\/yoast-seo-wordpress\/ -->\n<title>PANCALIENTE - Bodega Soto Manrique<\/title>\n<meta name=\"robots\" content=\"index, follow, max-snippet:-1, max-image-preview:large, max-video-preview:-1\" \/>\n<link rel=\"canonical\" href=\"https:\/\/sotomanrique.com\/en\/product\/pancaliente\/\" \/>\n<meta property=\"og:locale\" content=\"en_US\" \/>\n<meta property=\"og:type\" content=\"article\" \/>\n<meta property=\"og:title\" content=\"PANCALIENTE - Bodega Soto Manrique\" \/>\n<meta property=\"og:description\" content=\"NATURAL SWEET WINE VIN DE PAILLE ALBILLO REAL\" \/>\n<meta property=\"og:url\" content=\"https:\/\/sotomanrique.com\/en\/product\/pancaliente\/\" \/>\n<meta property=\"og:site_name\" content=\"Bodega Soto Manrique\" \/>\n<meta property=\"article:publisher\" content=\"https:\/\/www.facebook.com\/sotoymanriquevo\" \/>\n<meta property=\"article:modified_time\" content=\"2024-08-09T11:00:30+00:00\" \/>\n<meta property=\"og:image\" content=\"https:\/\/sotomanrique.com\/wp-content\/uploads\/2023\/08\/PCS1.jpg\" \/>\n\t<meta property=\"og:image:width\" content=\"1000\" \/>\n\t<meta property=\"og:image:height\" content=\"1500\" \/>\n\t<meta property=\"og:image:type\" content=\"image\/jpeg\" \/>\n<meta name=\"twitter:card\" content=\"summary_large_image\" \/>\n<meta name=\"twitter:site\" content=\"@SotoManriqueVO\" \/>\n<meta name=\"twitter:label1\" content=\"Est. reading time\" \/>\n\t<meta name=\"twitter:data1\" content=\"2 minutes\" \/>\n<script type=\"application\/ld+json\" class=\"yoast-schema-graph\">{\"@context\":\"https:\\\/\\\/schema.org\",\"@graph\":[{\"@type\":\"WebPage\",\"@id\":\"https:\\\/\\\/sotomanrique.com\\\/en\\\/product\\\/pancaliente\\\/\",\"url\":\"https:\\\/\\\/sotomanrique.com\\\/en\\\/product\\\/pancaliente\\\/\",\"name\":\"PANCALIENTE - Bodega Soto Manrique\",\"isPartOf\":{\"@id\":\"https:\\\/\\\/sotomanrique.com\\\/en\\\/#website\"},\"primaryImageOfPage\":{\"@id\":\"https:\\\/\\\/sotomanrique.com\\\/en\\\/product\\\/pancaliente\\\/#primaryimage\"},\"image\":{\"@id\":\"https:\\\/\\\/sotomanrique.com\\\/en\\\/product\\\/pancaliente\\\/#primaryimage\"},\"thumbnailUrl\":\"https:\\\/\\\/sotomanrique.com\\\/wp-content\\\/uploads\\\/2023\\\/08\\\/PCS1.jpg\",\"datePublished\":\"2023-08-01T07:07:33+00:00\",\"dateModified\":\"2024-08-09T11:00:30+00:00\",\"breadcrumb\":{\"@id\":\"https:\\\/\\\/sotomanrique.com\\\/en\\\/product\\\/pancaliente\\\/#breadcrumb\"},\"inLanguage\":\"en-US\",\"potentialAction\":[{\"@type\":\"ReadAction\",\"target\":[\"https:\\\/\\\/sotomanrique.com\\\/en\\\/product\\\/pancaliente\\\/\"]}]},{\"@type\":\"ImageObject\",\"inLanguage\":\"en-US\",\"@id\":\"https:\\\/\\\/sotomanrique.com\\\/en\\\/product\\\/pancaliente\\\/#primaryimage\",\"url\":\"https:\\\/\\\/sotomanrique.com\\\/wp-content\\\/uploads\\\/2023\\\/08\\\/PCS1.jpg\",\"contentUrl\":\"https:\\\/\\\/sotomanrique.com\\\/wp-content\\\/uploads\\\/2023\\\/08\\\/PCS1.jpg\",\"width\":1000,\"height\":1500,\"caption\":\"PANCALIENTE\"},{\"@type\":\"BreadcrumbList\",\"@id\":\"https:\\\/\\\/sotomanrique.com\\\/en\\\/product\\\/pancaliente\\\/#breadcrumb\",\"itemListElement\":[{\"@type\":\"ListItem\",\"position\":1,\"name\":\"Portada\",\"item\":\"https:\\\/\\\/sotomanrique.com\\\/en\\\/home\\\/\"},{\"@type\":\"ListItem\",\"position\":2,\"name\":\"Shop\",\"item\":\"https:\\\/\\\/sotomanrique.com\\\/en\\\/shop\\\/\"},{\"@type\":\"ListItem\",\"position\":3,\"name\":\"PANCALIENTE\"}]},{\"@type\":\"WebSite\",\"@id\":\"https:\\\/\\\/sotomanrique.com\\\/en\\\/#website\",\"url\":\"https:\\\/\\\/sotomanrique.com\\\/en\\\/\",\"name\":\"Bodega Soto Manrique\",\"description\":\"Soto Manrique Vi\u00f1a y Olivo\",\"publisher\":{\"@id\":\"https:\\\/\\\/sotomanrique.com\\\/en\\\/#organization\"},\"potentialAction\":[{\"@type\":\"SearchAction\",\"target\":{\"@type\":\"EntryPoint\",\"urlTemplate\":\"https:\\\/\\\/sotomanrique.com\\\/en\\\/?s={search_term_string}\"},\"query-input\":{\"@type\":\"PropertyValueSpecification\",\"valueRequired\":true,\"valueName\":\"search_term_string\"}}],\"inLanguage\":\"en-US\"},{\"@type\":\"Organization\",\"@id\":\"https:\\\/\\\/sotomanrique.com\\\/en\\\/#organization\",\"name\":\"BODEGA SOTOMANRIQUE\",\"url\":\"https:\\\/\\\/sotomanrique.com\\\/en\\\/\",\"logo\":{\"@type\":\"ImageObject\",\"inLanguage\":\"en-US\",\"@id\":\"https:\\\/\\\/sotomanrique.com\\\/en\\\/#\\\/schema\\\/logo\\\/image\\\/\",\"url\":\"https:\\\/\\\/sotomanrique.com\\\/wp-content\\\/uploads\\\/2021\\\/10\\\/sotomanrique.png\",\"contentUrl\":\"https:\\\/\\\/sotomanrique.com\\\/wp-content\\\/uploads\\\/2021\\\/10\\\/sotomanrique.png\",\"width\":1400,\"height\":280,\"caption\":\"BODEGA SOTOMANRIQUE\"},\"image\":{\"@id\":\"https:\\\/\\\/sotomanrique.com\\\/en\\\/#\\\/schema\\\/logo\\\/image\\\/\"},\"sameAs\":[\"https:\\\/\\\/www.facebook.com\\\/sotoymanriquevo\",\"https:\\\/\\\/x.com\\\/SotoManriqueVO\",\"https:\\\/\\\/www.instagram.com\\\/sotomanriquebodega\"]}]}<\/script>\n<!-- \/ Yoast SEO plugin. -->","yoast_head_json":{"title":"PANCALIENTE - Bodega Soto Manrique","robots":{"index":"index","follow":"follow","max-snippet":"max-snippet:-1","max-image-preview":"max-image-preview:large","max-video-preview":"max-video-preview:-1"},"canonical":"https:\/\/sotomanrique.com\/en\/product\/pancaliente\/","og_locale":"en_US","og_type":"article","og_title":"PANCALIENTE - Bodega Soto Manrique","og_description":"NATURAL SWEET WINE VIN DE PAILLE ALBILLO REAL","og_url":"https:\/\/sotomanrique.com\/en\/product\/pancaliente\/","og_site_name":"Bodega Soto Manrique","article_publisher":"https:\/\/www.facebook.com\/sotoymanriquevo","article_modified_time":"2024-08-09T11:00:30+00:00","og_image":[{"width":1000,"height":1500,"url":"https:\/\/sotomanrique.com\/wp-content\/uploads\/2023\/08\/PCS1.jpg","type":"image\/jpeg"}],"twitter_card":"summary_large_image","twitter_site":"@SotoManriqueVO","twitter_misc":{"Est. reading time":"2 minutes"},"schema":{"@context":"https:\/\/schema.org","@graph":[{"@type":"WebPage","@id":"https:\/\/sotomanrique.com\/en\/product\/pancaliente\/","url":"https:\/\/sotomanrique.com\/en\/product\/pancaliente\/","name":"PANCALIENTE - Bodega Soto Manrique","isPartOf":{"@id":"https:\/\/sotomanrique.com\/en\/#website"},"primaryImageOfPage":{"@id":"https:\/\/sotomanrique.com\/en\/product\/pancaliente\/#primaryimage"},"image":{"@id":"https:\/\/sotomanrique.com\/en\/product\/pancaliente\/#primaryimage"},"thumbnailUrl":"https:\/\/sotomanrique.com\/wp-content\/uploads\/2023\/08\/PCS1.jpg","datePublished":"2023-08-01T07:07:33+00:00","dateModified":"2024-08-09T11:00:30+00:00","breadcrumb":{"@id":"https:\/\/sotomanrique.com\/en\/product\/pancaliente\/#breadcrumb"},"inLanguage":"en-US","potentialAction":[{"@type":"ReadAction","target":["https:\/\/sotomanrique.com\/en\/product\/pancaliente\/"]}]},{"@type":"ImageObject","inLanguage":"en-US","@id":"https:\/\/sotomanrique.com\/en\/product\/pancaliente\/#primaryimage","url":"https:\/\/sotomanrique.com\/wp-content\/uploads\/2023\/08\/PCS1.jpg","contentUrl":"https:\/\/sotomanrique.com\/wp-content\/uploads\/2023\/08\/PCS1.jpg","width":1000,"height":1500,"caption":"PANCALIENTE"},{"@type":"BreadcrumbList","@id":"https:\/\/sotomanrique.com\/en\/product\/pancaliente\/#breadcrumb","itemListElement":[{"@type":"ListItem","position":1,"name":"Portada","item":"https:\/\/sotomanrique.com\/en\/home\/"},{"@type":"ListItem","position":2,"name":"Shop","item":"https:\/\/sotomanrique.com\/en\/shop\/"},{"@type":"ListItem","position":3,"name":"PANCALIENTE"}]},{"@type":"WebSite","@id":"https:\/\/sotomanrique.com\/en\/#website","url":"https:\/\/sotomanrique.com\/en\/","name":"Bodega Soto Manrique","description":"Soto Manrique Vi\u00f1a y Olivo","publisher":{"@id":"https:\/\/sotomanrique.com\/en\/#organization"},"potentialAction":[{"@type":"SearchAction","target":{"@type":"EntryPoint","urlTemplate":"https:\/\/sotomanrique.com\/en\/?s={search_term_string}"},"query-input":{"@type":"PropertyValueSpecification","valueRequired":true,"valueName":"search_term_string"}}],"inLanguage":"en-US"},{"@type":"Organization","@id":"https:\/\/sotomanrique.com\/en\/#organization","name":"BODEGA SOTOMANRIQUE","url":"https:\/\/sotomanrique.com\/en\/","logo":{"@type":"ImageObject","inLanguage":"en-US","@id":"https:\/\/sotomanrique.com\/en\/#\/schema\/logo\/image\/","url":"https:\/\/sotomanrique.com\/wp-content\/uploads\/2021\/10\/sotomanrique.png","contentUrl":"https:\/\/sotomanrique.com\/wp-content\/uploads\/2021\/10\/sotomanrique.png","width":1400,"height":280,"caption":"BODEGA SOTOMANRIQUE"},"image":{"@id":"https:\/\/sotomanrique.com\/en\/#\/schema\/logo\/image\/"},"sameAs":["https:\/\/www.facebook.com\/sotoymanriquevo","https:\/\/x.com\/SotoManriqueVO","https:\/\/www.instagram.com\/sotomanriquebodega"]}]}},"_links":{"self":[{"href":"https:\/\/sotomanrique.com\/en\/wp-json\/wp\/v2\/product\/1386","targetHints":{"allow":["GET"]}}],"collection":[{"href":"https:\/\/sotomanrique.com\/en\/wp-json\/wp\/v2\/product"}],"about":[{"href":"https:\/\/sotomanrique.com\/en\/wp-json\/wp\/v2\/types\/product"}],"wp:featuredmedia":[{"embeddable":true,"href":"https:\/\/sotomanrique.com\/en\/wp-json\/wp\/v2\/media\/1304"}],"wp:attachment":[{"href":"https:\/\/sotomanrique.com\/en\/wp-json\/wp\/v2\/media?parent=1386"}],"wp:term":[{"taxonomy":"product_brand","embeddable":true,"href":"https:\/\/sotomanrique.com\/en\/wp-json\/wp\/v2\/product_brand?post=1386"},{"taxonomy":"product_cat","embeddable":true,"href":"https:\/\/sotomanrique.com\/en\/wp-json\/wp\/v2\/product_cat?post=1386"},{"taxonomy":"product_tag","embeddable":true,"href":"https:\/\/sotomanrique.com\/en\/wp-json\/wp\/v2\/product_tag?post=1386"}],"curies":[{"name":"wp","href":"https:\/\/api.w.org\/{rel}","templated":true}]}}